{"id":13867,"date":"2018-09-13T11:33:10","date_gmt":"2018-09-13T11:33:10","guid":{"rendered":"http:\/\/shoppo.cmsmasters.net\/?page_id=13867"},"modified":"2023-03-06T09:15:53","modified_gmt":"2023-03-06T09:15:53","slug":"home","status":"publish","type":"page","link":"https:\/\/sfatulparintilor.ro\/shop\/","title":{"rendered":"Home"},"content":{"rendered":"\n<p><\/p>\n\n\n\n<!--START Card wings-->\n<div  class=\"lvd-card-wings lvd-mb-block-spacer lvd-width-desktop lvd-pxy-none\">\n\n  <!--START Container-->\n  <div class=\"lvd-card-wings-container lvd-flex lvd-row-between lvd-gap0  lvd-style-apply lvd-style-white lvd-box-shadow-200\">\n\n          <!--Image-->\n          <div class=\"lvd-card-wings-image lvd-c2 lvd-c1-sm lvd-card-wings-order lvd-order1\">\n            <div class=\"lvd-img\">\n              <img decoding=\"async\" src=\"https:\/\/sfatulparintilor.ro\/shop\/wp-content\/uploads\/2022\/12\/ghid-cuvinte-cover.jpg\" alt=\"Ghidul cuvintelor interzise\" class=\"lvd-img-responsive\" \/>\n            <\/div>\n          <\/div>\n          <!--END Image-->\n\n          <!--Text-->\n          <div class=\"lvd-self-center lvd-c2 lvd-c1-sm\" style=\"order:2;\">\n            <div class=\"lvd-content \">\n                <!--Keyword test-->\n                                    <div class=\"lvd-keyword\">47 lei<\/div>\n                               \n                <h2 class=\"lvd-title lvd-text-h2\">Ghidul cuvintelor interzise<\/h2>\n                <div class=\"lvd-text lvd-default\"><p>Descarca instant ghidul care iti explica toate implicatiile pe care le au cuvintele aruncate in graba asupra sanatatii mentale a copilului tau. Vei invata cum sa eviti sa ii faci rau involuntar.<\/p><\/div>\n                <!--Button group repeater-->\n                <div class=\"lvd-button-group\">\n                                            <a href=\"https:\/\/sfatulparintilor.ro\/shop\/produs\/ghidul-cuvintelor-interzise\/\" class=\"lvd-button-primary \">Cumpara acum<\/a>\n                                        <\/div>\n                <!--END Button group repeater-->\n              \n            <\/div>\n          <\/div>\n          <!--END Text-->\n \n  <\/div>\n  <!--END Container-->\n<\/div>\n<!--END Card wings-->\n\n\n<!--START Card wings-->\n<div  class=\"lvd-card-wings lvd-mb-block-spacer lvd-width-desktop lvd-pxy-none\">\n\n  <!--START Container-->\n  <div class=\"lvd-card-wings-container lvd-flex lvd-row-between lvd-gap0  lvd-style-apply lvd-style-white lvd-box-shadow-200\">\n\n          <!--Image-->\n          <div class=\"lvd-card-wings-image lvd-c2 lvd-c1-sm lvd-card-wings-order lvd-order1\">\n            <div class=\"lvd-img\">\n              <img decoding=\"async\" src=\"https:\/\/sfatulparintilor.ro\/shop\/wp-content\/uploads\/2023\/03\/cover-ghid.jpg\" alt=\"Cum s\u0103 fii cu ADEV\u0102RAT BINE cu TINE \u00een pielea ta\" class=\"lvd-img-responsive\" \/>\n            <\/div>\n          <\/div>\n          <!--END Image-->\n\n          <!--Text-->\n          <div class=\"lvd-self-center lvd-c2 lvd-c1-sm\" style=\"order:2;\">\n            <div class=\"lvd-content \">\n                <!--Keyword test-->\n                                    <div class=\"lvd-keyword\">47 lei<\/div>\n                               \n                <h2 class=\"lvd-title lvd-text-h2\">Cum s\u0103 fii cu ADEV\u0102RAT BINE cu TINE \u00een pielea ta<\/h2>\n                <div class=\"lvd-text lvd-default\"><p class=\"product_title entry-title\">Sute de idei pentru o via\u021b\u0103 armonioas\u0103<\/p><\/div>\n                <!--Button group repeater-->\n                <div class=\"lvd-button-group\">\n                                            <a href=\"https:\/\/sfatulparintilor.ro\/shop\/produs\/cum-sa-fii-cu-adevarat-bine-cu-tine-in-pielea-ta-sute-de-idei-pentru-o-viata-armonioasa\/\" class=\"lvd-button-primary \">Cumpara<\/a>\n                                        <\/div>\n                <!--END Button group repeater-->\n              \n            <\/div>\n          <\/div>\n          <!--END Text-->\n \n  <\/div>\n  <!--END Container-->\n<\/div>\n<!--END Card wings-->","protected":false},"excerpt":{"rendered":"","protected":false},"author":1,"featured_media":0,"parent":0,"menu_order":0,"comment_status":"closed","ping_status":"closed","template":"page-lvd-home.php","meta":{"footnotes":""},"class_list":["post-13867","page","type-page","status-publish","hentry"],"yoast_head":"<!-- This site is optimized with the Yoast SEO plugin v19.6 - https:\/\/yoast.com\/wordpress\/plugins\/seo\/ -->\n<title>Home - Sfatul Shop<\/title>\n<meta name=\"robots\" content=\"index, follow, max-snippet:-1, max-image-preview:large, max-video-preview:-1\" \/>\n<link rel=\"canonical\" href=\"https:\/\/sfatulparintilor.ro\/shop\/\" \/>\n<meta property=\"og:locale\" content=\"ro_RO\" \/>\n<meta property=\"og:type\" content=\"article\" \/>\n<meta property=\"og:title\" content=\"Home - Sfatul Shop\" \/>\n<meta property=\"og:url\" content=\"https:\/\/sfatulparintilor.ro\/shop\/\" \/>\n<meta property=\"og:site_name\" content=\"Sfatul Shop\" \/>\n<meta property=\"article:modified_time\" content=\"2023-03-06T09:15:53+00:00\" \/>\n<meta name=\"twitter:card\" content=\"summary_large_image\" \/>\n<script type=\"application\/ld+json\" class=\"yoast-schema-graph\">{\"@context\":\"https:\/\/schema.org\",\"@graph\":[{\"@type\":\"WebPage\",\"@id\":\"https:\/\/sfatulparintilor.ro\/shop\/\",\"url\":\"https:\/\/sfatulparintilor.ro\/shop\/\",\"name\":\"Home - Sfatul Shop\",\"isPartOf\":{\"@id\":\"https:\/\/sfatulparintilor.ro\/shop\/#website\"},\"datePublished\":\"2018-09-13T11:33:10+00:00\",\"dateModified\":\"2023-03-06T09:15:53+00:00\",\"breadcrumb\":{\"@id\":\"https:\/\/sfatulparintilor.ro\/shop\/#breadcrumb\"},\"inLanguage\":\"ro-RO\",\"potentialAction\":[{\"@type\":\"ReadAction\",\"target\":[\"https:\/\/sfatulparintilor.ro\/shop\/\"]}]},{\"@type\":\"BreadcrumbList\",\"@id\":\"https:\/\/sfatulparintilor.ro\/shop\/#breadcrumb\",\"itemListElement\":[{\"@type\":\"ListItem\",\"position\":1,\"name\":\"Sfatul Shop\",\"item\":\"https:\/\/sfatulparintilor.ro\/shop\/\"},{\"@type\":\"ListItem\",\"position\":2,\"name\":\"Home\"}]},{\"@type\":\"WebSite\",\"@id\":\"https:\/\/sfatulparintilor.ro\/shop\/#website\",\"url\":\"https:\/\/sfatulparintilor.ro\/shop\/\",\"name\":\"Sfatul Shop\",\"description\":\"\",\"potentialAction\":[{\"@type\":\"SearchAction\",\"target\":{\"@type\":\"EntryPoint\",\"urlTemplate\":\"https:\/\/sfatulparintilor.ro\/shop\/?s={search_term_string}\"},\"query-input\":\"required name=search_term_string\"}],\"inLanguage\":\"ro-RO\"}]}<\/script>\n<!-- \/ Yoast SEO plugin. -->","yoast_head_json":{"title":"Home - Sfatul Shop","robots":{"index":"index","follow":"follow","max-snippet":"max-snippet:-1","max-image-preview":"max-image-preview:large","max-video-preview":"max-video-preview:-1"},"canonical":"https:\/\/sfatulparintilor.ro\/shop\/","og_locale":"ro_RO","og_type":"article","og_title":"Home - Sfatul Shop","og_url":"https:\/\/sfatulparintilor.ro\/shop\/","og_site_name":"Sfatul Shop","article_modified_time":"2023-03-06T09:15:53+00:00","twitter_card":"summary_large_image","schema":{"@context":"https:\/\/schema.org","@graph":[{"@type":"WebPage","@id":"https:\/\/sfatulparintilor.ro\/shop\/","url":"https:\/\/sfatulparintilor.ro\/shop\/","name":"Home - Sfatul Shop","isPartOf":{"@id":"https:\/\/sfatulparintilor.ro\/shop\/#website"},"datePublished":"2018-09-13T11:33:10+00:00","dateModified":"2023-03-06T09:15:53+00:00","breadcrumb":{"@id":"https:\/\/sfatulparintilor.ro\/shop\/#breadcrumb"},"inLanguage":"ro-RO","potentialAction":[{"@type":"ReadAction","target":["https:\/\/sfatulparintilor.ro\/shop\/"]}]},{"@type":"BreadcrumbList","@id":"https:\/\/sfatulparintilor.ro\/shop\/#breadcrumb","itemListElement":[{"@type":"ListItem","position":1,"name":"Sfatul Shop","item":"https:\/\/sfatulparintilor.ro\/shop\/"},{"@type":"ListItem","position":2,"name":"Home"}]},{"@type":"WebSite","@id":"https:\/\/sfatulparintilor.ro\/shop\/#website","url":"https:\/\/sfatulparintilor.ro\/shop\/","name":"Sfatul Shop","description":"","potentialAction":[{"@type":"SearchAction","target":{"@type":"EntryPoint","urlTemplate":"https:\/\/sfatulparintilor.ro\/shop\/?s={search_term_string}"},"query-input":"required name=search_term_string"}],"inLanguage":"ro-RO"}]}},"_links":{"self":[{"href":"https:\/\/sfatulparintilor.ro\/shop\/wp-json\/wp\/v2\/pages\/13867","targetHints":{"allow":["GET"]}}],"collection":[{"href":"https:\/\/sfatulparintilor.ro\/shop\/wp-json\/wp\/v2\/pages"}],"about":[{"href":"https:\/\/sfatulparintilor.ro\/shop\/wp-json\/wp\/v2\/types\/page"}],"author":[{"embeddable":true,"href":"https:\/\/sfatulparintilor.ro\/shop\/wp-json\/wp\/v2\/users\/1"}],"replies":[{"embeddable":true,"href":"https:\/\/sfatulparintilor.ro\/shop\/wp-json\/wp\/v2\/comments?post=13867"}],"version-history":[{"count":0,"href":"https:\/\/sfatulparintilor.ro\/shop\/wp-json\/wp\/v2\/pages\/13867\/revisions"}],"wp:attachment":[{"href":"https:\/\/sfatulparintilor.ro\/shop\/wp-json\/wp\/v2\/media?parent=13867"}],"curies":[{"name":"wp","href":"https:\/\/api.w.org\/{rel}","templated":true}]}}